{"id":6177,"date":"2024-05-14T11:21:41","date_gmt":"2024-05-14T11:21:41","guid":{"rendered":"https:\/\/www.acaciasol.com\/?post_type=product&#038;p=6177"},"modified":"2024-05-20T15:21:32","modified_gmt":"2024-05-20T15:21:32","slug":"iron-plus","status":"publish","type":"product","link":"https:\/\/www.biocareyacacia.com\/pt-pt\/producto\/iron-plus\/","title":{"rendered":"Iron plus"},"content":{"rendered":"<p>Suplemento alimentar \u00e0 base de Ferro, Plantas, Vitamina C, B12 e \u00c1cido F\u00f3lico.<\/p>\n","protected":false},"excerpt":{"rendered":"<p>O ferro contribui para a forma\u00e7\u00e3o normal de gl\u00f3bulos vermelhos e hemoglobina.<\/p>\n","protected":false},"featured_media":6190,"template":"","meta":{"inline_featured_image":false},"product_brand":[],"product_cat":[15],"product_tag":[218],"class_list":{"0":"post-6177","1":"product","2":"type-product","3":"status-publish","4":"has-post-thumbnail","6":"product_cat-sin-categorizar","7":"product_tag-vbyotics-nutrition-pt-pt","9":"first","10":"instock","11":"shipping-taxable","12":"purchasable","13":"product-type-simple"},"_links":{"self":[{"href":"https:\/\/www.biocareyacacia.com\/pt-pt\/wp-json\/wp\/v2\/product\/6177","targetHints":{"allow":["GET"]}}],"collection":[{"href":"https:\/\/www.biocareyacacia.com\/pt-pt\/wp-json\/wp\/v2\/product"}],"about":[{"href":"https:\/\/www.biocareyacacia.com\/pt-pt\/wp-json\/wp\/v2\/types\/product"}],"wp:featuredmedia":[{"embeddable":true,"href":"https:\/\/www.biocareyacacia.com\/pt-pt\/wp-json\/wp\/v2\/media\/6190"}],"wp:attachment":[{"href":"https:\/\/www.biocareyacacia.com\/pt-pt\/wp-json\/wp\/v2\/media?parent=6177"}],"wp:term":[{"taxonomy":"product_brand","embeddable":true,"href":"https:\/\/www.biocareyacacia.com\/pt-pt\/wp-json\/wp\/v2\/product_brand?post=6177"},{"taxonomy":"product_cat","embeddable":true,"href":"https:\/\/www.biocareyacacia.com\/pt-pt\/wp-json\/wp\/v2\/product_cat?post=6177"},{"taxonomy":"product_tag","embeddable":true,"href":"https:\/\/www.biocareyacacia.com\/pt-pt\/wp-json\/wp\/v2\/product_tag?post=6177"}],"curies":[{"name":"wp","href":"https:\/\/api.w.org\/{rel}","templated":true}]}}