{"id":5537,"date":"2023-12-14T12:34:48","date_gmt":"2023-12-14T12:34:48","guid":{"rendered":"https:\/\/www.acaciasol.com\/?post_type=product&#038;p=5537"},"modified":"2024-01-15T09:59:36","modified_gmt":"2024-01-15T09:59:36","slug":"lino","status":"publish","type":"product","link":"https:\/\/www.biocareyacacia.com\/pt-pt\/producto\/lino\/","title":{"rendered":"LINO 1000"},"content":{"rendered":"<p>LINO. Suplemento Alimentar \u00e0 base de \u00d3leo de Linha\u00e7a e Vitamina E.<\/p>\n","protected":false},"excerpt":{"rendered":"<p>LINO. Suplemento Alimentar \u00e0 base de \u00d3leo de Linha\u00e7a e Vitamina E.<\/p>\n","protected":false},"featured_media":5578,"template":"","meta":{"inline_featured_image":false},"product_brand":[],"product_cat":[172,182,187],"product_tag":[218],"class_list":{"0":"post-5537","1":"product","2":"type-product","3":"status-publish","4":"has-post-thumbnail","6":"product_cat-novidades","7":"product_cat-especiais-q10-colesterol","8":"product_cat-da-omega","9":"product_tag-vbyotics-nutrition-pt-pt","11":"first","12":"instock","13":"shipping-taxable","14":"purchasable","15":"product-type-simple"},"_links":{"self":[{"href":"https:\/\/www.biocareyacacia.com\/pt-pt\/wp-json\/wp\/v2\/product\/5537","targetHints":{"allow":["GET"]}}],"collection":[{"href":"https:\/\/www.biocareyacacia.com\/pt-pt\/wp-json\/wp\/v2\/product"}],"about":[{"href":"https:\/\/www.biocareyacacia.com\/pt-pt\/wp-json\/wp\/v2\/types\/product"}],"wp:featuredmedia":[{"embeddable":true,"href":"https:\/\/www.biocareyacacia.com\/pt-pt\/wp-json\/wp\/v2\/media\/5578"}],"wp:attachment":[{"href":"https:\/\/www.biocareyacacia.com\/pt-pt\/wp-json\/wp\/v2\/media?parent=5537"}],"wp:term":[{"taxonomy":"product_brand","embeddable":true,"href":"https:\/\/www.biocareyacacia.com\/pt-pt\/wp-json\/wp\/v2\/product_brand?post=5537"},{"taxonomy":"product_cat","embeddable":true,"href":"https:\/\/www.biocareyacacia.com\/pt-pt\/wp-json\/wp\/v2\/product_cat?post=5537"},{"taxonomy":"product_tag","embeddable":true,"href":"https:\/\/www.biocareyacacia.com\/pt-pt\/wp-json\/wp\/v2\/product_tag?post=5537"}],"curies":[{"name":"wp","href":"https:\/\/api.w.org\/{rel}","templated":true}]}}