{"id":2,"date":"2022-08-15T12:28:45","date_gmt":"2022-08-15T12:28:45","guid":{"rendered":"http:\/\/tienda.acaciasoluciones.es\/?page_id=2"},"modified":"2023-04-03T17:02:07","modified_gmt":"2023-04-03T17:02:07","slug":"aviso-legal","status":"publish","type":"page","link":"https:\/\/www.biocareyacacia.com\/pt-pt\/aviso-legal\/","title":{"rendered":"Aviso Legal"},"content":{"rendered":"<p><strong>Servicio Atenci\u00f3n al Cliente:<\/strong><br>Tel\u00e9fonos: (+34) 96 597 27 50 y (+34) 96 689 76 22<br>Whatsapp: 630124603<br>E-Mail: info@acaciasoluciones.es<\/p><p><strong>Direcci\u00f3n:<\/strong><br>ACACIA SOLUCIONES S.L.<br>C\/ Villajoyosa 49. Pol\u00edgono Industrial La Alberca<br>03530. La Nuc\u00eda. Alicante<br>Espa\u00f1a<\/p><p><strong>CIF:<\/strong><br>B54363791<\/p><p><strong>Quejas:<\/strong><br>A partir del 15 de febrero de 2016, la Comisi\u00f3n Europea ofrecer\u00e1 una plataforma online para la resoluci\u00f3n de disputas sobre transacciones online o un servicio online de acuerdos entre un usuario residente en la Uni\u00f3n y un empresario basado en la Uni\u00f3n. Encontrar\u00e1 tal herramienta en la URL: <a href=\"https:\/\/ec.europa.eu\/consumers\/odr\/main\/index.cfm?event=main.home2.show&amp;lng=ES\"><u>https:\/\/ec.europa.eu\/consumers\/odr\/main\/index.cfm?event=main.home.show&amp;lng=ES<\/u><\/a><\/p>","protected":false},"excerpt":{"rendered":"<p>Servicio Atenci\u00f3n al Cliente:Tel\u00e9fonos: (+34) 96 597 27 50 y (+34) 96 689 76 22Whatsapp: 630124603E-Mail: info@acaciasoluciones.es Direcci\u00f3n:ACACIA SOLUCIONES S.L.C\/ Villajoyosa 49. Pol\u00edgono Industrial La Alberca03530. La Nuc\u00eda. AlicanteEspa\u00f1a CIF:B54363791 Quejas:A partir del 15 de febrero de 2016, la Comisi\u00f3n Europea ofrecer\u00e1 una plataforma online para la resoluci\u00f3n de disputas sobre transacciones online o un [&hellip;]<\/p>\n","protected":false},"author":1,"featured_media":0,"parent":0,"menu_order":0,"comment_status":"closed","ping_status":"open","template":"","meta":{"inline_featured_image":false,"footnotes":""},"class_list":["post-2","page","type-page","status-publish","hentry"],"_links":{"self":[{"href":"https:\/\/www.biocareyacacia.com\/pt-pt\/wp-json\/wp\/v2\/pages\/2","targetHints":{"allow":["GET"]}}],"collection":[{"href":"https:\/\/www.biocareyacacia.com\/pt-pt\/wp-json\/wp\/v2\/pages"}],"about":[{"href":"https:\/\/www.biocareyacacia.com\/pt-pt\/wp-json\/wp\/v2\/types\/page"}],"author":[{"embeddable":true,"href":"https:\/\/www.biocareyacacia.com\/pt-pt\/wp-json\/wp\/v2\/users\/1"}],"replies":[{"embeddable":true,"href":"https:\/\/www.biocareyacacia.com\/pt-pt\/wp-json\/wp\/v2\/comments?post=2"}],"version-history":[{"count":1,"href":"https:\/\/www.biocareyacacia.com\/pt-pt\/wp-json\/wp\/v2\/pages\/2\/revisions"}],"predecessor-version":[{"id":3641,"href":"https:\/\/www.biocareyacacia.com\/pt-pt\/wp-json\/wp\/v2\/pages\/2\/revisions\/3641"}],"wp:attachment":[{"href":"https:\/\/www.biocareyacacia.com\/pt-pt\/wp-json\/wp\/v2\/media?parent=2"}],"curies":[{"name":"wp","href":"https:\/\/api.w.org\/{rel}","templated":true}]}}