{"id":1432,"date":"2022-08-19T14:59:58","date_gmt":"2022-08-19T14:59:58","guid":{"rendered":"http:\/\/tienda.acaciasoluciones.es\/quem-somos\/"},"modified":"2022-11-11T17:39:49","modified_gmt":"2022-11-11T17:39:49","slug":"quem-somos","status":"publish","type":"page","link":"https:\/\/www.biocareyacacia.com\/pt-pt\/quem-somos\/","title":{"rendered":"Quem somos"},"content":{"rendered":"<p><strong>ACACIASOL<\/strong> \u00e9 o nome da nossa empresa dedicada \u00e0 venda online de produtos 100% naturais, com prest\u00edgio internacional e qualidade imbat\u00edvel.<\/p><p>A ci\u00eancia est\u00e1 cada vez mais entendendo que manter a sa\u00fade \u00e9 um processo onde o uso de v\u00e1rios nutrientes pode melhorar o bem-estar geral e prevenir doen\u00e7as. Mas \u00e9 essencial consumir produtos de qualidade e com garantias para poder beneficiar adequadamente dos suplementos que toma.<\/p><p><strong>ACACIASOL<\/strong> apenas escolhe produtos endossados \u200b\u200bpor marcas de renome ou por marcas que utilizam ingredientes cientificamente aprovados.<\/p><p>Acreditamos em oferecer alguns dos melhores produtos do mercado a pre\u00e7os mais do que razo\u00e1veis.<\/p><p>Esperamos que <strong>ACACIASOL<\/strong> pueda ser una herramienta \u00fatil de salud para usted y toda su familia. <strong>ACACIASOL<\/strong> Tel. +34 96 689 76 22.<\/p>","protected":false},"excerpt":{"rendered":"<p>ACACIASOL \u00e9 o nome da nossa empresa dedicada \u00e0 venda online de produtos 100% naturais, com prest\u00edgio internacional e qualidade imbat\u00edvel. A ci\u00eancia est\u00e1 cada vez mais entendendo que manter a sa\u00fade \u00e9 um processo onde o uso de v\u00e1rios nutrientes pode melhorar o bem-estar geral e prevenir doen\u00e7as. Mas \u00e9 essencial consumir produtos de [&hellip;]<\/p>\n","protected":false},"author":1,"featured_media":0,"parent":0,"menu_order":0,"comment_status":"closed","ping_status":"closed","template":"","meta":{"inline_featured_image":false,"footnotes":""},"class_list":["post-1432","page","type-page","status-publish","hentry"],"_links":{"self":[{"href":"https:\/\/www.biocareyacacia.com\/pt-pt\/wp-json\/wp\/v2\/pages\/1432","targetHints":{"allow":["GET"]}}],"collection":[{"href":"https:\/\/www.biocareyacacia.com\/pt-pt\/wp-json\/wp\/v2\/pages"}],"about":[{"href":"https:\/\/www.biocareyacacia.com\/pt-pt\/wp-json\/wp\/v2\/types\/page"}],"author":[{"embeddable":true,"href":"https:\/\/www.biocareyacacia.com\/pt-pt\/wp-json\/wp\/v2\/users\/1"}],"replies":[{"embeddable":true,"href":"https:\/\/www.biocareyacacia.com\/pt-pt\/wp-json\/wp\/v2\/comments?post=1432"}],"version-history":[{"count":2,"href":"https:\/\/www.biocareyacacia.com\/pt-pt\/wp-json\/wp\/v2\/pages\/1432\/revisions"}],"predecessor-version":[{"id":1926,"href":"https:\/\/www.biocareyacacia.com\/pt-pt\/wp-json\/wp\/v2\/pages\/1432\/revisions\/1926"}],"wp:attachment":[{"href":"https:\/\/www.biocareyacacia.com\/pt-pt\/wp-json\/wp\/v2\/media?parent=1432"}],"curies":[{"name":"wp","href":"https:\/\/api.w.org\/{rel}","templated":true}]}}