{"id":1923,"date":"2022-08-19T14:59:58","date_gmt":"2022-08-19T14:59:58","guid":{"rendered":"http:\/\/tienda.acaciasoluciones.es\/quienes-somos\/"},"modified":"2022-11-11T17:39:11","modified_gmt":"2022-11-11T17:39:11","slug":"quienes-somos","status":"publish","type":"page","link":"https:\/\/www.biocareyacacia.com\/ga\/quienes-somos\/","title":{"rendered":"F\u00fainn"},"content":{"rendered":"<p>Is \u00e9 <strong>ACACIASOL<\/strong> ainm \u00e1r gcuideachta at\u00e1 tiomanta do dh\u00edolach\u00e1in ar l\u00edne de th\u00e1irg\u00ed n\u00e1d\u00fartha 100%, le gradam idirn\u00e1isi\u00fanta agus c\u00e1il\u00edocht gan s\u00e1r\u00fa.<\/p><p>T\u00e1 an eola\u00edocht ag tuiscint n\u00edos m\u00f3 n\u00e1 riamh gur pr\u00f3iseas \u00e9 cothabh\u00e1il na sl\u00e1inte inar f\u00e9idir leas a bhaint as cothaithigh \u00e9ags\u00fala chun foll\u00e1ine ghinear\u00e1lta a fheabhs\u00fa agus galair a chosc. Ach t\u00e1 s\u00e9 riachtanach t\u00e1irg\u00ed ardchaighde\u00e1in a ithe agus r\u00e1tha\u00edochta\u00ed a bheith agat le go mbeidh t\u00fa in ann leas leordh\u00f3thanach a bhaint as na forl\u00edonta\u00ed a ghlacann t\u00fa.<\/p><p><strong>ACACIASOL<\/strong> s\u00f3lo escoge productos avalados por marcas de renombre o por marcas que utilizan ingredientes avalados cient\u00edficamente.<\/p><p>Creidimid i roinnt de na t\u00e1irg\u00ed is fearr ar an margadh a thairiscint ar n\u00edos m\u00f3 n\u00e1 praghsanna r\u00e9as\u00fanta.<\/p><p>T\u00e1 s\u00fail againn gur f\u00e9idir le <strong>ACACIASOL<\/strong> a bheith ina uirlis \u00fas\u00e1ideach sl\u00e1inte duit f\u00e9in agus do do theaghlach ar fad. <strong>ACACIASOL<\/strong> Teil 96 689 76 22.<\/p>","protected":false},"excerpt":{"rendered":"<p>Is \u00e9 ACACIASOL ainm \u00e1r gcuideachta at\u00e1 tiomanta do dh\u00edolach\u00e1in ar l\u00edne de th\u00e1irg\u00ed n\u00e1d\u00fartha 100%, le gradam idirn\u00e1isi\u00fanta agus c\u00e1il\u00edocht gan s\u00e1r\u00fa. T\u00e1 an eola\u00edocht ag tuiscint n\u00edos m\u00f3 n\u00e1 riamh gur pr\u00f3iseas \u00e9 cothabh\u00e1il na sl\u00e1inte inar f\u00e9idir leas a bhaint as cothaithigh \u00e9ags\u00fala chun foll\u00e1ine ghinear\u00e1lta a fheabhs\u00fa agus galair a chosc. [&hellip;]<\/p>\n","protected":false},"author":1,"featured_media":0,"parent":0,"menu_order":0,"comment_status":"closed","ping_status":"closed","template":"","meta":{"inline_featured_image":false,"footnotes":""},"class_list":["post-1923","page","type-page","status-publish","hentry"],"_links":{"self":[{"href":"https:\/\/www.biocareyacacia.com\/ga\/wp-json\/wp\/v2\/pages\/1923","targetHints":{"allow":["GET"]}}],"collection":[{"href":"https:\/\/www.biocareyacacia.com\/ga\/wp-json\/wp\/v2\/pages"}],"about":[{"href":"https:\/\/www.biocareyacacia.com\/ga\/wp-json\/wp\/v2\/types\/page"}],"author":[{"embeddable":true,"href":"https:\/\/www.biocareyacacia.com\/ga\/wp-json\/wp\/v2\/users\/1"}],"replies":[{"embeddable":true,"href":"https:\/\/www.biocareyacacia.com\/ga\/wp-json\/wp\/v2\/comments?post=1923"}],"version-history":[{"count":1,"href":"https:\/\/www.biocareyacacia.com\/ga\/wp-json\/wp\/v2\/pages\/1923\/revisions"}],"predecessor-version":[{"id":1925,"href":"https:\/\/www.biocareyacacia.com\/ga\/wp-json\/wp\/v2\/pages\/1923\/revisions\/1925"}],"wp:attachment":[{"href":"https:\/\/www.biocareyacacia.com\/ga\/wp-json\/wp\/v2\/media?parent=1923"}],"curies":[{"name":"wp","href":"https:\/\/api.w.org\/{rel}","templated":true}]}}