{"id":1905,"date":"2022-08-19T15:01:56","date_gmt":"2022-08-19T15:01:56","guid":{"rendered":"http:\/\/tienda.acaciasoluciones.es\/contacto\/"},"modified":"2022-11-11T17:26:39","modified_gmt":"2022-11-11T17:26:39","slug":"contacto","status":"publish","type":"page","link":"https:\/\/www.biocareyacacia.com\/ga\/contacto\/","title":{"rendered":"TEAGMH\u00c1IL"},"content":{"rendered":"<figure id=\"contentMainWrapper\" class=\"wp-block-table\"><table><tbody><tr><td><\/td><td>AN \u00c1IT A BHFUIL MUID Acacia Soluciones S.L.<br>C\/ Villajoyosa, 49<br>Pol\u00edgono Industrial La Alberca.<br>03530 La Nuc\u00eda (Alicante)<br>E-mail: info@acaciasol.com<br><strong>Clice\u00e1il ar an l\u00e9arsc\u00e1il chun \u00e9 a fheice\u00e1il n\u00edos m\u00f3.<\/strong> <br><\/td><\/tr><\/tbody><\/table><\/figure><iframe loading=\"lazy\" scrolling=\"no\" marginheight=\"0\" marginwidth=\"0\" src=\"https:\/\/maps.google.es\/maps?f=q&amp;source=s_q&amp;hl=es&amp;geocode=&amp;q=carrer+de+la+vila+joiosa,+39+la+nucia&amp;aq=&amp;sll=38.599971,-0.134177&amp;sspn=0.012594,0.027874&amp;t=h&amp;g=carrer+de+la+vila+joiosa+la+nucia&amp;ie=UTF8&amp;hq=&amp;hnear=Carrer+de+la+Vila+Joiosa,+39,+03530+La+Nucia,+Alicante,+Comunidad+Valenciana&amp;ll=38.601042,-0.134668&amp;spn=0.026831,0.03828&amp;z=14&amp;iwloc=A&amp;output=embed\" width=\"100%\" height=\"400\" frameborder=\"0\"><\/iframe>","protected":false},"excerpt":{"rendered":"<p>AN \u00c1IT A BHFUIL MUID Acacia Soluciones S.L.C\/ Villajoyosa, 49Pol\u00edgono Industrial La Alberca.03530 La Nuc\u00eda (Alicante)E-mail: info@acaciasol.comClice\u00e1il ar an l\u00e9arsc\u00e1il chun \u00e9 a fheice\u00e1il n\u00edos m\u00f3.<\/p>\n","protected":false},"author":1,"featured_media":0,"parent":0,"menu_order":0,"comment_status":"closed","ping_status":"closed","template":"","meta":{"inline_featured_image":false,"footnotes":""},"class_list":["post-1905","page","type-page","status-publish","hentry"],"_links":{"self":[{"href":"https:\/\/www.biocareyacacia.com\/ga\/wp-json\/wp\/v2\/pages\/1905","targetHints":{"allow":["GET"]}}],"collection":[{"href":"https:\/\/www.biocareyacacia.com\/ga\/wp-json\/wp\/v2\/pages"}],"about":[{"href":"https:\/\/www.biocareyacacia.com\/ga\/wp-json\/wp\/v2\/types\/page"}],"author":[{"embeddable":true,"href":"https:\/\/www.biocareyacacia.com\/ga\/wp-json\/wp\/v2\/users\/1"}],"replies":[{"embeddable":true,"href":"https:\/\/www.biocareyacacia.com\/ga\/wp-json\/wp\/v2\/comments?post=1905"}],"version-history":[{"count":3,"href":"https:\/\/www.biocareyacacia.com\/ga\/wp-json\/wp\/v2\/pages\/1905\/revisions"}],"predecessor-version":[{"id":1910,"href":"https:\/\/www.biocareyacacia.com\/ga\/wp-json\/wp\/v2\/pages\/1905\/revisions\/1910"}],"wp:attachment":[{"href":"https:\/\/www.biocareyacacia.com\/ga\/wp-json\/wp\/v2\/media?parent=1905"}],"curies":[{"name":"wp","href":"https:\/\/api.w.org\/{rel}","templated":true}]}}