{"id":1922,"date":"2022-08-19T14:59:58","date_gmt":"2022-08-19T14:59:58","guid":{"rendered":"http:\/\/tienda.acaciasoluciones.es\/quienes-somos\/"},"modified":"2022-11-11T17:37:26","modified_gmt":"2022-11-11T17:37:26","slug":"quienes-somos","status":"publish","type":"page","link":"https:\/\/www.biocareyacacia.com\/fr\/quienes-somos\/","title":{"rendered":"Qui sommes nous"},"content":{"rendered":"<p><strong>ACACIASOL<\/strong> est le nom de notre soci\u00e9t\u00e9 d\u00e9di\u00e9e \u00e0 la vente en ligne de produits 100% naturels, au prestige international et \u00e0 la qualit\u00e9 imbattable.<\/p><p>La science comprend de plus en plus que le maintien de la sant\u00e9 est un processus o\u00f9 l&rsquo;utilisation de divers nutriments peut am\u00e9liorer le bien-\u00eatre g\u00e9n\u00e9ral et pr\u00e9venir les maladies. Mais il est indispensable de consommer des produits de qualit\u00e9 et avec des garanties pour pouvoir profiter ad\u00e9quatement des compl\u00e9ments que vous prenez.<\/p><p><strong>ACACIASOL<\/strong> ne choisit que des produits approuv\u00e9s par des marques renomm\u00e9es ou par des marques qui utilisent des ingr\u00e9dients scientifiquement approuv\u00e9s.<\/p><p>Nous croyons qu&rsquo;il est important d&rsquo;offrir certains des meilleurs produits sur le march\u00e9 \u00e0 des prix plus que raisonnables.<\/p><p>Nous esp\u00e9rons qu&rsquo;<strong>ACACIASOL<\/strong> pourra \u00eatre un outil de sant\u00e9 utile pour vous et toute votre famille. <strong>ACACIASOL<\/strong> T\u00e9l 96 689 76 22.<\/p>","protected":false},"excerpt":{"rendered":"<p>ACACIASOL est le nom de notre soci\u00e9t\u00e9 d\u00e9di\u00e9e \u00e0 la vente en ligne de produits 100% naturels, au prestige international et \u00e0 la qualit\u00e9 imbattable. La science comprend de plus en plus que le maintien de la sant\u00e9 est un processus o\u00f9 l&rsquo;utilisation de divers nutriments peut am\u00e9liorer le bien-\u00eatre g\u00e9n\u00e9ral et pr\u00e9venir les maladies. [&hellip;]<\/p>\n","protected":false},"author":1,"featured_media":0,"parent":0,"menu_order":0,"comment_status":"closed","ping_status":"closed","template":"","meta":{"inline_featured_image":false,"footnotes":""},"class_list":["post-1922","page","type-page","status-publish","hentry"],"_links":{"self":[{"href":"https:\/\/www.biocareyacacia.com\/fr\/wp-json\/wp\/v2\/pages\/1922","targetHints":{"allow":["GET"]}}],"collection":[{"href":"https:\/\/www.biocareyacacia.com\/fr\/wp-json\/wp\/v2\/pages"}],"about":[{"href":"https:\/\/www.biocareyacacia.com\/fr\/wp-json\/wp\/v2\/types\/page"}],"author":[{"embeddable":true,"href":"https:\/\/www.biocareyacacia.com\/fr\/wp-json\/wp\/v2\/users\/1"}],"replies":[{"embeddable":true,"href":"https:\/\/www.biocareyacacia.com\/fr\/wp-json\/wp\/v2\/comments?post=1922"}],"version-history":[{"count":1,"href":"https:\/\/www.biocareyacacia.com\/fr\/wp-json\/wp\/v2\/pages\/1922\/revisions"}],"predecessor-version":[{"id":1924,"href":"https:\/\/www.biocareyacacia.com\/fr\/wp-json\/wp\/v2\/pages\/1922\/revisions\/1924"}],"wp:attachment":[{"href":"https:\/\/www.biocareyacacia.com\/fr\/wp-json\/wp\/v2\/media?parent=1922"}],"curies":[{"name":"wp","href":"https:\/\/api.w.org\/{rel}","templated":true}]}}